{"id":5436,"date":"2024-12-19T16:00:05","date_gmt":"2024-12-19T15:00:05","guid":{"rendered":"https:\/\/agrofoodindustrie.com\/produit\/vitahalib-900g\/"},"modified":"2024-12-19T16:00:05","modified_gmt":"2024-12-19T15:00:05","slug":"vitahalib-900g","status":"publish","type":"product","link":"https:\/\/agrofoodindustrie.com\/en\/produit\/vitahalib-900g\/","title":{"rendered":"VitaHalib 900g"},"content":{"rendered":"","protected":false},"excerpt":{"rendered":"<p><strong>VitaHalib &#8211; Pr\u00e9paration Laiti\u00e8re Instantan\u00e9e 900g<\/strong> is an economical and practical format for families who regularly use dairy preparations for their babies. Suitable from the age of 12 months, this milk formula is ideal for healthy growth thanks to its high protein, vitamin and vegetable fat content. It&#8217;s perfect for breakfasts and snacks, and for incorporating into a variety of baby recipes. Its 900g format is ideal for those looking for a long-lasting supply of product, while maintaining the nutritional quality necessary for their baby&#8217;s well-being.   <\/p>\n","protected":false},"featured_media":0,"comment_status":"closed","ping_status":"closed","template":"","meta":{"om_disable_all_campaigns":false,"_monsterinsights_skip_tracking":false,"_monsterinsights_sitenote_active":false,"_monsterinsights_sitenote_note":"","_monsterinsights_sitenote_category":0},"product_brand":[],"product_cat":[131],"product_tag":[130],"class_list":{"0":"post-5436","1":"product","2":"type-product","3":"status-publish","5":"product_cat-milk-preparation","6":"product_tag-vitahalib-en","8":"first","9":"instock","10":"featured","11":"shipping-taxable","12":"product-type-simple"},"aioseo_notices":[],"_links":{"self":[{"href":"https:\/\/agrofoodindustrie.com\/en\/wp-json\/wp\/v2\/product\/5436","targetHints":{"allow":["GET"]}}],"collection":[{"href":"https:\/\/agrofoodindustrie.com\/en\/wp-json\/wp\/v2\/product"}],"about":[{"href":"https:\/\/agrofoodindustrie.com\/en\/wp-json\/wp\/v2\/types\/product"}],"replies":[{"embeddable":true,"href":"https:\/\/agrofoodindustrie.com\/en\/wp-json\/wp\/v2\/comments?post=5436"}],"version-history":[{"count":0,"href":"https:\/\/agrofoodindustrie.com\/en\/wp-json\/wp\/v2\/product\/5436\/revisions"}],"wp:attachment":[{"href":"https:\/\/agrofoodindustrie.com\/en\/wp-json\/wp\/v2\/media?parent=5436"}],"wp:term":[{"taxonomy":"product_brand","embeddable":true,"href":"https:\/\/agrofoodindustrie.com\/en\/wp-json\/wp\/v2\/product_brand?post=5436"},{"taxonomy":"product_cat","embeddable":true,"href":"https:\/\/agrofoodindustrie.com\/en\/wp-json\/wp\/v2\/product_cat?post=5436"},{"taxonomy":"product_tag","embeddable":true,"href":"https:\/\/agrofoodindustrie.com\/en\/wp-json\/wp\/v2\/product_tag?post=5436"}],"curies":[{"name":"wp","href":"https:\/\/api.w.org\/{rel}","templated":true}]}}