{"id":5497,"date":"2024-12-23T13:50:17","date_gmt":"2024-12-23T12:50:17","guid":{"rendered":"https:\/\/agrofoodindustrie.com\/produit\/wheat-with-milk-and-fruit-250g\/"},"modified":"2024-12-23T13:50:17","modified_gmt":"2024-12-23T12:50:17","slug":"wheat-with-milk-and-fruit-250g","status":"publish","type":"product","link":"https:\/\/agrofoodindustrie.com\/en\/produit\/wheat-with-milk-and-fruit-250g\/","title":{"rendered":"Wheat with milk and fruit 250g"},"content":{"rendered":"<p>These baby cereals with milk and fruit are enriched to provide an essential source of vitamins for your child&#8217;s healthy growth. They feature a fruity sweetness that&#8217;s sure to please babies and nutrition-conscious parents alike. <\/p>\n<p><strong>Why choose VITAMEAL Baby?<\/strong><\/p>\n<p>A unique blend of wheat cereals, milk and natural fruit.<br \/>\nEnriched with vitamins and nutrients for a balanced, fruity baby meal.<br \/>\nPerfectly suited to infants, thanks to its adapted texture.<br \/>\n<strong>Easy to prepare and available in convenient sizes: 50g and 250g.<\/strong><br \/>\nThese nutritional baby cereals are ideal for morning meals or snacks, giving your child all the energy needed to explore the world.<\/p>\n","protected":false},"excerpt":{"rendered":"<p><strong>VITAMEAL Baby &#8211; Cereal Wheat with Milk and Fruit: A Balanced and Tasty Meal<\/strong><\/p>\n<p>Treat your baby to VITAMEAL Baby C\u00e9r\u00e9ales Bl\u00e9 au Lait et Fruits, a deliciously balanced blend of wheat, milk and natural fruit. Designed to meet the nutritional needs of toddlers, this fruit-flavored baby formula offers a perfect balance of taste and goodness. <\/p>\n<p>&nbsp;<\/p>\n","protected":false},"featured_media":0,"comment_status":"closed","ping_status":"closed","template":"","meta":{"om_disable_all_campaigns":false,"_monsterinsights_skip_tracking":false,"_monsterinsights_sitenote_active":false,"_monsterinsights_sitenote_note":"","_monsterinsights_sitenote_category":0},"product_brand":[],"product_cat":[125],"product_tag":[124],"class_list":{"0":"post-5497","1":"product","2":"type-product","3":"status-publish","5":"product_cat-milky-cereals","6":"product_tag-vitameal-en","8":"first","9":"instock","10":"featured","11":"shipping-taxable","12":"product-type-simple"},"aioseo_notices":[],"_links":{"self":[{"href":"https:\/\/agrofoodindustrie.com\/en\/wp-json\/wp\/v2\/product\/5497","targetHints":{"allow":["GET"]}}],"collection":[{"href":"https:\/\/agrofoodindustrie.com\/en\/wp-json\/wp\/v2\/product"}],"about":[{"href":"https:\/\/agrofoodindustrie.com\/en\/wp-json\/wp\/v2\/types\/product"}],"replies":[{"embeddable":true,"href":"https:\/\/agrofoodindustrie.com\/en\/wp-json\/wp\/v2\/comments?post=5497"}],"version-history":[{"count":0,"href":"https:\/\/agrofoodindustrie.com\/en\/wp-json\/wp\/v2\/product\/5497\/revisions"}],"wp:attachment":[{"href":"https:\/\/agrofoodindustrie.com\/en\/wp-json\/wp\/v2\/media?parent=5497"}],"wp:term":[{"taxonomy":"product_brand","embeddable":true,"href":"https:\/\/agrofoodindustrie.com\/en\/wp-json\/wp\/v2\/product_brand?post=5497"},{"taxonomy":"product_cat","embeddable":true,"href":"https:\/\/agrofoodindustrie.com\/en\/wp-json\/wp\/v2\/product_cat?post=5497"},{"taxonomy":"product_tag","embeddable":true,"href":"https:\/\/agrofoodindustrie.com\/en\/wp-json\/wp\/v2\/product_tag?post=5497"}],"curies":[{"name":"wp","href":"https:\/\/api.w.org\/{rel}","templated":true}]}}