{"id":5506,"date":"2024-12-23T13:47:46","date_gmt":"2024-12-23T12:47:46","guid":{"rendered":"https:\/\/agrofoodindustrie.com\/produit\/wheat-with-milk-500g\/"},"modified":"2024-12-23T13:47:46","modified_gmt":"2024-12-23T12:47:46","slug":"wheat-with-milk-500g","status":"publish","type":"product","link":"https:\/\/agrofoodindustrie.com\/en\/produit\/wheat-with-milk-500g\/","title":{"rendered":"Wheat with milk 500g"},"content":{"rendered":"<p>Ideal for infants, this product stands out for its natural composition and nutritional benefits. These nutritional baby cereals are perfect for providing a vitamin-enriched meal, providing all the energy needed to accompany your child in his daily discoveries. <\/p>\n<p><strong>Why choose VITAMEAL Baby?<\/strong><\/p>\n<p>Contains a balanced blend of wheat flour and milk, ideal for development.<br \/>\nEnriched with 22 vitamins and minerals, a real source of nutrition.<br \/>\nPerfect for a balanced and complete baby diet.<\/p>\n<p><strong>Easy to prepare and available in convenient sizes:<\/strong> 50g, 250g, 500g.<\/p>\n<p>Designed to integrate into your child&#8217;s eating routine, VITAMEAL Baby &#8211; C\u00e9r\u00e9ales Bl\u00e9 au Lait is the ideal companion to ensure optimal nutrition at every stage of growth. Make every meal a delicious and nutritious moment with this milky cereal preparation! <\/p>\n<p><strong>Sizes available: 50g, 250g, 500g<\/strong>.<\/p>\n<p>Order now and give your baby the taste of a healthy, balanced meal.<\/p>\n","protected":false},"excerpt":{"rendered":"<p><strong>VITAMEAL Baby &#8211; Wheat Cereal with Milk: Complete nutrition for baby<\/strong><\/p>\n<p>Give your baby the best start with VITAMEAL Baby C\u00e9r\u00e9ales Bl\u00e9 au Lait, a tasty blend of wheat flour and milk designed to meet the specific needs of toddlers. Enriched with 22 vitamins and minerals, this baby formula promotes healthy growth and a balanced diet from an early age. <\/p>\n<p>&nbsp;<\/p>\n","protected":false},"featured_media":0,"comment_status":"closed","ping_status":"closed","template":"","meta":{"om_disable_all_campaigns":false,"_monsterinsights_skip_tracking":false,"_monsterinsights_sitenote_active":false,"_monsterinsights_sitenote_note":"","_monsterinsights_sitenote_category":0},"product_brand":[],"product_cat":[125],"product_tag":[124],"class_list":{"0":"post-5506","1":"product","2":"type-product","3":"status-publish","5":"product_cat-milky-cereals","6":"product_tag-vitameal-en","8":"first","9":"instock","10":"featured","11":"shipping-taxable","12":"product-type-simple"},"aioseo_notices":[],"_links":{"self":[{"href":"https:\/\/agrofoodindustrie.com\/en\/wp-json\/wp\/v2\/product\/5506","targetHints":{"allow":["GET"]}}],"collection":[{"href":"https:\/\/agrofoodindustrie.com\/en\/wp-json\/wp\/v2\/product"}],"about":[{"href":"https:\/\/agrofoodindustrie.com\/en\/wp-json\/wp\/v2\/types\/product"}],"replies":[{"embeddable":true,"href":"https:\/\/agrofoodindustrie.com\/en\/wp-json\/wp\/v2\/comments?post=5506"}],"version-history":[{"count":0,"href":"https:\/\/agrofoodindustrie.com\/en\/wp-json\/wp\/v2\/product\/5506\/revisions"}],"wp:attachment":[{"href":"https:\/\/agrofoodindustrie.com\/en\/wp-json\/wp\/v2\/media?parent=5506"}],"wp:term":[{"taxonomy":"product_brand","embeddable":true,"href":"https:\/\/agrofoodindustrie.com\/en\/wp-json\/wp\/v2\/product_brand?post=5506"},{"taxonomy":"product_cat","embeddable":true,"href":"https:\/\/agrofoodindustrie.com\/en\/wp-json\/wp\/v2\/product_cat?post=5506"},{"taxonomy":"product_tag","embeddable":true,"href":"https:\/\/agrofoodindustrie.com\/en\/wp-json\/wp\/v2\/product_tag?post=5506"}],"curies":[{"name":"wp","href":"https:\/\/api.w.org\/{rel}","templated":true}]}}