{"id":8389,"date":"2026-04-08T16:06:11","date_gmt":"2026-04-08T14:06:11","guid":{"rendered":"https:\/\/agrofoodindustrie.com\/?post_type=product&#038;p=8389"},"modified":"2026-04-08T16:06:11","modified_gmt":"2026-04-08T14:06:11","slug":"fut-lattia-20kg","status":"publish","type":"product","link":"https:\/\/agrofoodindustrie.com\/en\/produit\/fut-lattia-20kg\/","title":{"rendered":"FUT LATTIA 20KG"},"content":{"rendered":"","protected":false},"excerpt":{"rendered":"<p>Le fut de 20kg de LATTIA est con\u00e7u pour les professionnels et les grandes familles qui ont besoin d\u2019une quantit\u00e9 importante de lait en poudre de haute qualit\u00e9. Id\u00e9al pour les restaurants, boulangeries ou cuisines industrielles, il assure une disponibilit\u00e9 constante pour toutes vos pr\u00e9parations : desserts, sauces, boissons lact\u00e9es ou p\u00e2tisseries. Son conditionnement robuste pr\u00e9serve la fra\u00eecheur et la qualit\u00e9 du produit tout en offrant une solution pratique et \u00e9conomique pour un usage quotidien intensif.<\/p>\n","protected":false},"featured_media":8390,"comment_status":"closed","ping_status":"closed","template":"","meta":{"om_disable_all_campaigns":false,"_monsterinsights_skip_tracking":false,"_monsterinsights_sitenote_active":false,"_monsterinsights_sitenote_note":"","_monsterinsights_sitenote_category":0},"product_brand":[],"product_cat":[149],"product_tag":[40],"class_list":{"0":"post-8389","1":"product","2":"type-product","3":"status-publish","4":"has-post-thumbnail","6":"product_cat-lait-en-poudre","7":"product_tag-lattia","9":"first","10":"instock","11":"shipping-taxable","12":"product-type-simple"},"aioseo_notices":[],"_links":{"self":[{"href":"https:\/\/agrofoodindustrie.com\/en\/wp-json\/wp\/v2\/product\/8389","targetHints":{"allow":["GET"]}}],"collection":[{"href":"https:\/\/agrofoodindustrie.com\/en\/wp-json\/wp\/v2\/product"}],"about":[{"href":"https:\/\/agrofoodindustrie.com\/en\/wp-json\/wp\/v2\/types\/product"}],"replies":[{"embeddable":true,"href":"https:\/\/agrofoodindustrie.com\/en\/wp-json\/wp\/v2\/comments?post=8389"}],"version-history":[{"count":2,"href":"https:\/\/agrofoodindustrie.com\/en\/wp-json\/wp\/v2\/product\/8389\/revisions"}],"predecessor-version":[{"id":8394,"href":"https:\/\/agrofoodindustrie.com\/en\/wp-json\/wp\/v2\/product\/8389\/revisions\/8394"}],"wp:featuredmedia":[{"embeddable":true,"href":"https:\/\/agrofoodindustrie.com\/en\/wp-json\/wp\/v2\/media\/8390"}],"wp:attachment":[{"href":"https:\/\/agrofoodindustrie.com\/en\/wp-json\/wp\/v2\/media?parent=8389"}],"wp:term":[{"taxonomy":"product_brand","embeddable":true,"href":"https:\/\/agrofoodindustrie.com\/en\/wp-json\/wp\/v2\/product_brand?post=8389"},{"taxonomy":"product_cat","embeddable":true,"href":"https:\/\/agrofoodindustrie.com\/en\/wp-json\/wp\/v2\/product_cat?post=8389"},{"taxonomy":"product_tag","embeddable":true,"href":"https:\/\/agrofoodindustrie.com\/en\/wp-json\/wp\/v2\/product_tag?post=8389"}],"curies":[{"name":"wp","href":"https:\/\/api.w.org\/{rel}","templated":true}]}}