{"id":8402,"date":"2026-04-08T16:19:36","date_gmt":"2026-04-08T14:19:36","guid":{"rendered":"https:\/\/agrofoodindustrie.com\/?post_type=product&#038;p=8402"},"modified":"2026-04-08T16:19:36","modified_gmt":"2026-04-08T14:19:36","slug":"8402","status":"publish","type":"product","link":"https:\/\/agrofoodindustrie.com\/en\/produit\/8402\/","title":{"rendered":""},"content":{"rendered":"","protected":false},"excerpt":{"rendered":"<p>Le lait en poudre LATTIA 97,5G est un format g\u00e9n\u00e9reux et pratique, id\u00e9al pour un usage r\u00e9gulier \u00e0 la maison ou au bureau. Il offre une solution simple pour enrichir vos boissons chaudes comme le caf\u00e9 et le th\u00e9, ainsi que vos pr\u00e9parations culinaires, en apportant une texture onctueuse et un go\u00fbt agr\u00e9able. Facile \u00e0 doser et \u00e0 dissoudre, ce format assure \u00e9galement une bonne conservation, vous permettant de profiter d\u2019un lait savoureux et polyvalent \u00e0 tout moment de la journ\u00e9e.<\/p>\n","protected":false},"featured_media":8403,"comment_status":"closed","ping_status":"closed","template":"","meta":{"om_disable_all_campaigns":false,"_monsterinsights_skip_tracking":false,"_monsterinsights_sitenote_active":false,"_monsterinsights_sitenote_note":"","_monsterinsights_sitenote_category":0},"product_brand":[],"product_cat":[149],"product_tag":[40],"class_list":{"0":"post-8402","1":"product","2":"type-product","3":"status-publish","4":"has-post-thumbnail","6":"product_cat-lait-en-poudre","7":"product_tag-lattia","9":"first","10":"instock","11":"shipping-taxable","12":"product-type-simple"},"aioseo_notices":[],"_links":{"self":[{"href":"https:\/\/agrofoodindustrie.com\/en\/wp-json\/wp\/v2\/product\/8402","targetHints":{"allow":["GET"]}}],"collection":[{"href":"https:\/\/agrofoodindustrie.com\/en\/wp-json\/wp\/v2\/product"}],"about":[{"href":"https:\/\/agrofoodindustrie.com\/en\/wp-json\/wp\/v2\/types\/product"}],"replies":[{"embeddable":true,"href":"https:\/\/agrofoodindustrie.com\/en\/wp-json\/wp\/v2\/comments?post=8402"}],"version-history":[{"count":1,"href":"https:\/\/agrofoodindustrie.com\/en\/wp-json\/wp\/v2\/product\/8402\/revisions"}],"predecessor-version":[{"id":8406,"href":"https:\/\/agrofoodindustrie.com\/en\/wp-json\/wp\/v2\/product\/8402\/revisions\/8406"}],"wp:featuredmedia":[{"embeddable":true,"href":"https:\/\/agrofoodindustrie.com\/en\/wp-json\/wp\/v2\/media\/8403"}],"wp:attachment":[{"href":"https:\/\/agrofoodindustrie.com\/en\/wp-json\/wp\/v2\/media?parent=8402"}],"wp:term":[{"taxonomy":"product_brand","embeddable":true,"href":"https:\/\/agrofoodindustrie.com\/en\/wp-json\/wp\/v2\/product_brand?post=8402"},{"taxonomy":"product_cat","embeddable":true,"href":"https:\/\/agrofoodindustrie.com\/en\/wp-json\/wp\/v2\/product_cat?post=8402"},{"taxonomy":"product_tag","embeddable":true,"href":"https:\/\/agrofoodindustrie.com\/en\/wp-json\/wp\/v2\/product_tag?post=8402"}],"curies":[{"name":"wp","href":"https:\/\/api.w.org\/{rel}","templated":true}]}}